{"id":42,"date":"2020-11-11T07:30:27","date_gmt":"2020-11-11T07:30:27","guid":{"rendered":"http:\/\/high-level-process.de\/?page_id=42"},"modified":"2021-05-14T07:42:31","modified_gmt":"2021-05-14T07:42:31","slug":"private-session","status":"publish","type":"page","link":"https:\/\/high-level-process.de\/en\/private-session\/","title":{"rendered":"private-session"},"content":{"rendered":"<h2><strong><span><\/span><\/strong><strong><span>Reduce costs and gain time&nbsp;<\/span><\/strong><strong><span>through <\/span><\/strong><strong><span>efficient business processes and digitization !<\/span><\/strong><\/h2>\n<p><span style=\"\"><img decoding=\"async\" alt=\"\" data-id=\"12\" data-init-width=\"3000\" data-init-height=\"3000\" title=\"HLP.png\" loading=\"lazy\" src=\"\/\/high-level-process.de\/wp-content\/uploads\/2020\/11\/HLP.png.png\" data-width=\"248\" data-height=\"248\" style=\"\" mt-d=\"-3\" center-v-d=\"false\" width=\"248\" height=\"248\"><\/span><\/p>\n<p data-tve-custom-colour=\"67980065\"><strong>Your personal consultation <\/strong><\/p>\n<p data-tve-custom-colour=\"67980065\">\n<p data-tve-custom-colour=\"67980065\">Dear friend,<\/p>\n<p data-tve-custom-colour=\"67980065\">\n<p data-tve-custom-colour=\"67980065\">if you <strong>this page here<\/strong> have found, then we have either <u>personal<\/u> ENTERTAINED OR I was given you <u>private<\/u> recommended by someone from your circle of acquaintances.&nbsp;<\/p>\n<p data-tve-custom-colour=\"67980065\">\n<p data-tve-custom-colour=\"67980065\">Wie auch immer &#8211; du bist hier, weil du wei\u00dft, <strong>what I do<\/strong> and what I do to you and your company <strong>enable<\/strong> enable.<\/p>\n<p data-tve-custom-colour=\"67980065\">\n<p data-tve-custom-colour=\"67980065\">Und da wir beide <em>direkten oder indirekten Kontakt<\/em> hatten und das hier meine Seite f\u00fcr <strong>&#8222;Familie &amp; Freunde&#8220;<\/strong> ist, werde ich <em>dir gern den Vorzug<\/em> vor allen <strong>&#8222;<\/strong><strong>externen Bewerbern<\/strong><strong>&#8222;<\/strong> geben, falls du dieses <u>kostenlose Angebot<\/u> hier annimmst:<\/p>\n<\/p>\n<h2 style=\"text-align: center;\"><strong><span style=\"font-size: 37px;\">Reduce costs and gain time&nbsp;<\/span><\/strong><strong><span style=\"font-size: 37px;\">through <\/span><\/strong><strong><span style=\"font-size: 37px;\">efficient business processes and digitization !<\/span><\/strong><strong><span style=\"font-size: 37px;\">&nbsp;<\/span><\/strong><\/h2>\n<h2 style=\"\"><strong><span style=\"\">Ich habe mir in den <strong>n\u00e4chsten 48 Stunden<\/strong> ein wenig Zeit freigehalten, <\/span><\/strong><strong><span style=\"\">um mit dir pers\u00f6nlich dar\u00fcber zu sprechen, wie wir deine Gesch\u00e4ftsprozesse optimaler und effizienter gestalten k\u00f6nnen: <\/span><\/strong><strong><span style=\"\">W\u00e4hrend dieses Strategie-Gespr\u00e4chs werden wir gemeinsam daran arbeiten, einen Schritt-f\u00fcr-Schritt-Plan zu entwickeln, <\/span><\/strong><strong><span style=\"\">mit dem du es schaffst im Gesch\u00e4ftsablauf Fehler zu vermeiden, Durchlaufzeiten zu erh\u00f6hen und <\/span><\/strong><strong><span style=\"\">die Digitalisierung und Automatisieurng voranzutreiben; <\/span><\/strong><strong><span style=\"\">damit du auf Kunden- bzw. Marktanforderungen flexibel und agil reagieren kannst<\/span><\/strong><\/h2>\n<h2><strong><span><\/span><\/strong><span style=\"font-size: 24px;\">Ich helfe dir sogar kostenlos!<\/span><\/h2>\n<p><span style=\"font-size: 21px;\">Und keine Angst, ich habe nicht vor, deine Zeit zu verschwenden \u2013 ganz im Gegenteil. Ich bin so <strong>\u00fcberzeugt<\/strong> davon, dir helfen zu k\u00f6nnen, dass ich dir folgendes anbiete\u2026<\/span><\/p>\n<p><span style=\"font-size: 21px;\"><\/span><\/p>\n<h2>Mein Versprechen:<\/h2>\n<p>Wenn du nach unserem Gespr\u00e4ch nicht siehst, wie es auch f\u00fcr dich m\u00f6glich sein sollte, dass in deinen Unternehmen sich Gesch\u00e4ftsprozesse optimieren lassen dann sende ich dir sofort 300 Euro als Kompensation f\u00fcr deine \u201everschwendete Zeit\u201c zu\u2026<\/p>\n<\/p>\n<h2>Achtung: Das hier ist nichts f\u00fcr jeden!<\/h2>\n<ul>\n<li>Du musst <strong>Gesch\u00e4ftsf\u00fchrer sein bzw. F\u00fchrungskraft mit Entscheidungsbefugnissen<\/strong><\/li>\n<li>Du musst <strong>l\u00f6sungsorientiert sein und offen f\u00fcr neue L\u00f6sungsans\u00e4tze<\/strong><\/li>\n<li>Du musst das MindSet und den Willen haben , etwas zu tun, was <strong>n\u00f6tig ist <\/strong>um optimale Prozesse bekommen<\/li>\n<li>Du bist ein Entscheider und du m\u00f6chtest in deinem Business als <strong>professionell und innovativ<\/strong> gelten<\/li>\n<\/ul>\n<h2><\/h2>\n<p style=\"\">Wenn du dich darin erkennst, dann klicke JETZT auf &nbsp;den Button<\/p>\n<p>Ich freue mich darauf, dich schon bald <u>personal<\/u> beraten zu d\u00fcrfen!<\/p>\n<\/p>\n<p><span><img decoding=\"async\" alt=\"\" data-id=\"34\" data-init-width=\"241\" data-init-height=\"67\" title=\"alexander\" loading=\"lazy\" src=\"http:\/\/high-level-process.de\/wp-content\/uploads\/2020\/11\/alexander-1.png\" data-width=\"229\" data-height=\"64\" style=\"\" width=\"229\" height=\"64\"><\/span><\/p>\n<p style=\"\"><span><span><em><span><\/span><\/em><\/span><\/span><\/p>\n<p style=\"\"><span><span><em><span>Alexander Siegl <span>(VWA Betriebswirt; Digital Process Manager)<\/span><\/span><\/em><\/span><\/span><\/p>\n<p><span><img decoding=\"async\" alt=\"\" data-id=\"17\" data-init-width=\"2333\" data-init-height=\"1765\" title=\"Alex-Siegl-Portrait - Kopie2_gespiegelt\" loading=\"lazy\" src=\"http:\/\/high-level-process.de\/wp-content\/uploads\/2020\/11\/Alex-Siegl-Portrait-Kopie2_gespiegelt-1.jpg\" data-width=\"346\" data-height=\"262\" style=\"\" width=\"346\" height=\"262\"><\/span><\/p>\n<p style=\"\"><span style=\"\"><\/span><\/p>\n<p><a href=\"\/en\/impressum\/\" target=\"_blank\" style=\"outline: currentcolor none medium;\" rel=\"noopener noreferrer\">Impressum &amp; Datenschutzerkl\u00e4rung<\/a><\/p>","protected":false},"excerpt":{"rendered":"<p>Kosten senken und Zeit gewinnen&nbsp;durch effiziente Gesch\u00e4ftsprozesse und Digitalisierung ! Dein pers\u00f6nliches Beratungsgespr\u00e4ch Liebe Freundin, lieber Freund, wenn du diese Seite hier gefunden hast, dann haben wir uns entweder pers\u00f6nlich unterhalten ODER ich wurde dir privat von jemandem aus deinem Bekanntenkreis empfohlen.&nbsp; Wie auch immer &#8211; du bist hier, weil du wei\u00dft, was ich tue&hellip; <a class=\"more-link\" href=\"https:\/\/high-level-process.de\/en\/private-session\/\">Continue reading <span class=\"screen-reader-text\">private-session<\/span><\/a><\/p>","protected":false},"author":1,"featured_media":0,"parent":0,"menu_order":0,"comment_status":"closed","ping_status":"closed","template":"","meta":{"footnotes":""},"class_list":["post-42","page","type-page","status-publish","hentry","entry"],"yoast_head":"<!-- This site is optimized with the Yoast SEO Premium plugin v18.1 (Yoast SEO v24.9) - https:\/\/yoast.com\/wordpress\/plugins\/seo\/ -->\n<title>High-Level-Process Gesch\u00e4ftsprozessmanagement \/ Digitalisierung<\/title>\n<meta name=\"description\" content=\"Think.Process.Digital. Gesch\u00e4ftsprozesse optimaler und effizienter gestalten. Digitalisierung und Automatisierung voranzutreiben\" \/>\n<meta name=\"robots\" content=\"index, follow, max-snippet:-1, max-image-preview:large, max-video-preview:-1\" \/>\n<link rel=\"canonical\" href=\"https:\/\/high-level-process.de\/en\/private-session\/\" \/>\n<meta property=\"og:locale\" content=\"en_US\" \/>\n<meta property=\"og:type\" content=\"article\" \/>\n<meta property=\"og:title\" content=\"High-Level-Process Gesch\u00e4ftsprozessmanagement \/ Digitalisierung\" \/>\n<meta property=\"og:description\" content=\"Think.Process.Digital. Gesch\u00e4ftsprozesse optimaler und effizienter gestalten. Digitalisierung und Automatisierung voranzutreiben\" \/>\n<meta property=\"og:url\" content=\"https:\/\/high-level-process.de\/en\/private-session\/\" \/>\n<meta property=\"og:site_name\" content=\"High-Level-Process\" \/>\n<meta property=\"article:publisher\" content=\"https:\/\/www.facebook.com\/HighLevelProcess\/\" \/>\n<meta property=\"article:modified_time\" content=\"2021-05-14T07:42:31+00:00\" \/>\n<meta property=\"og:image\" content=\"https:\/\/high-level-process.de\/wp-content\/uploads\/2020\/11\/HLP.png.png\" \/>\n\t<meta property=\"og:image:width\" content=\"3000\" \/>\n\t<meta property=\"og:image:height\" content=\"3000\" \/>\n\t<meta property=\"og:image:type\" content=\"image\/png\" \/>\n<meta name=\"twitter:card\" content=\"summary_large_image\" \/>\n<meta name=\"twitter:title\" content=\"private-session\" \/>\n<meta name=\"twitter:label1\" content=\"Est. reading time\" \/>\n\t<meta name=\"twitter:data1\" content=\"2 minutes\" \/>\n<script type=\"application\/ld+json\" class=\"yoast-schema-graph\">{\"@context\":\"https:\/\/schema.org\",\"@graph\":[{\"@type\":\"WebPage\",\"@id\":\"https:\/\/high-level-process.de\/private-session\/\",\"url\":\"https:\/\/high-level-process.de\/private-session\/\",\"name\":\"High-Level-Process Gesch\u00e4ftsprozessmanagement \/ Digitalisierung\",\"isPartOf\":{\"@id\":\"https:\/\/high-level-process.de\/#website\"},\"primaryImageOfPage\":{\"@id\":\"https:\/\/high-level-process.de\/private-session\/#primaryimage\"},\"image\":{\"@id\":\"https:\/\/high-level-process.de\/private-session\/#primaryimage\"},\"thumbnailUrl\":\"http:\/\/high-level-process.de\/wp-content\/uploads\/2020\/11\/alexander-1.png\",\"datePublished\":\"2020-11-11T07:30:27+00:00\",\"dateModified\":\"2021-05-14T07:42:31+00:00\",\"description\":\"Think.Process.Digital. Gesch\u00e4ftsprozesse optimaler und effizienter gestalten. Digitalisierung und Automatisierung voranzutreiben\",\"breadcrumb\":{\"@id\":\"https:\/\/high-level-process.de\/private-session\/#breadcrumb\"},\"inLanguage\":\"en-US\",\"potentialAction\":[{\"@type\":\"ReadAction\",\"target\":[\"https:\/\/high-level-process.de\/private-session\/\"]}]},{\"@type\":\"ImageObject\",\"inLanguage\":\"en-US\",\"@id\":\"https:\/\/high-level-process.de\/private-session\/#primaryimage\",\"url\":\"http:\/\/high-level-process.de\/wp-content\/uploads\/2020\/11\/alexander-1.png\",\"contentUrl\":\"http:\/\/high-level-process.de\/wp-content\/uploads\/2020\/11\/alexander-1.png\"},{\"@type\":\"BreadcrumbList\",\"@id\":\"https:\/\/high-level-process.de\/private-session\/#breadcrumb\",\"itemListElement\":[{\"@type\":\"ListItem\",\"position\":1,\"name\":\"Startseite\",\"item\":\"https:\/\/high-level-process.de\/\"},{\"@type\":\"ListItem\",\"position\":2,\"name\":\"private-session\"}]},{\"@type\":\"WebSite\",\"@id\":\"https:\/\/high-level-process.de\/#website\",\"url\":\"https:\/\/high-level-process.de\/\",\"name\":\"High-Level-Process\",\"description\":\"Gesch\u00e4ftprozessoptimierung und Digitalisierung\",\"publisher\":{\"@id\":\"https:\/\/high-level-process.de\/#organization\"},\"potentialAction\":[{\"@type\":\"SearchAction\",\"target\":{\"@type\":\"EntryPoint\",\"urlTemplate\":\"https:\/\/high-level-process.de\/?s={search_term_string}\"},\"query-input\":{\"@type\":\"PropertyValueSpecification\",\"valueRequired\":true,\"valueName\":\"search_term_string\"}}],\"inLanguage\":\"en-US\"},{\"@type\":\"Organization\",\"@id\":\"https:\/\/high-level-process.de\/#organization\",\"name\":\"High-Level-Process\",\"url\":\"https:\/\/high-level-process.de\/\",\"logo\":{\"@type\":\"ImageObject\",\"inLanguage\":\"en-US\",\"@id\":\"https:\/\/high-level-process.de\/#\/schema\/logo\/image\/\",\"url\":\"http:\/\/high-level-process.de\/wp-content\/uploads\/2020\/11\/HLP.png.png\",\"contentUrl\":\"http:\/\/high-level-process.de\/wp-content\/uploads\/2020\/11\/HLP.png.png\",\"width\":3000,\"height\":3000,\"caption\":\"High-Level-Process\"},\"image\":{\"@id\":\"https:\/\/high-level-process.de\/#\/schema\/logo\/image\/\"},\"sameAs\":[\"https:\/\/www.facebook.com\/HighLevelProcess\/\",\"http:\/\/www.linkedin.com\/in\/high-level-process\"]}]}<\/script>\n<!-- \/ Yoast SEO Premium plugin. -->","yoast_head_json":{"title":"High-Level-Process Gesch\u00e4ftsprozessmanagement \/ Digitalisierung","description":"Think.Process.Digital. Gesch\u00e4ftsprozesse optimaler und effizienter gestalten. Digitalisierung und Automatisierung voranzutreiben","robots":{"index":"index","follow":"follow","max-snippet":"max-snippet:-1","max-image-preview":"max-image-preview:large","max-video-preview":"max-video-preview:-1"},"canonical":"https:\/\/high-level-process.de\/en\/private-session\/","og_locale":"en_US","og_type":"article","og_title":"High-Level-Process Gesch\u00e4ftsprozessmanagement \/ Digitalisierung","og_description":"Think.Process.Digital. Gesch\u00e4ftsprozesse optimaler und effizienter gestalten. Digitalisierung und Automatisierung voranzutreiben","og_url":"https:\/\/high-level-process.de\/en\/private-session\/","og_site_name":"High-Level-Process","article_publisher":"https:\/\/www.facebook.com\/HighLevelProcess\/","article_modified_time":"2021-05-14T07:42:31+00:00","og_image":[{"width":3000,"height":3000,"url":"https:\/\/high-level-process.de\/wp-content\/uploads\/2020\/11\/HLP.png.png","type":"image\/png"}],"twitter_card":"summary_large_image","twitter_title":"private-session","twitter_misc":{"Est. reading time":"2 minutes"},"schema":{"@context":"https:\/\/schema.org","@graph":[{"@type":"WebPage","@id":"https:\/\/high-level-process.de\/private-session\/","url":"https:\/\/high-level-process.de\/private-session\/","name":"High-Level-Process Gesch\u00e4ftsprozessmanagement \/ Digitalisierung","isPartOf":{"@id":"https:\/\/high-level-process.de\/#website"},"primaryImageOfPage":{"@id":"https:\/\/high-level-process.de\/private-session\/#primaryimage"},"image":{"@id":"https:\/\/high-level-process.de\/private-session\/#primaryimage"},"thumbnailUrl":"http:\/\/high-level-process.de\/wp-content\/uploads\/2020\/11\/alexander-1.png","datePublished":"2020-11-11T07:30:27+00:00","dateModified":"2021-05-14T07:42:31+00:00","description":"Think.Process.Digital. Gesch\u00e4ftsprozesse optimaler und effizienter gestalten. Digitalisierung und Automatisierung voranzutreiben","breadcrumb":{"@id":"https:\/\/high-level-process.de\/private-session\/#breadcrumb"},"inLanguage":"en-US","potentialAction":[{"@type":"ReadAction","target":["https:\/\/high-level-process.de\/private-session\/"]}]},{"@type":"ImageObject","inLanguage":"en-US","@id":"https:\/\/high-level-process.de\/private-session\/#primaryimage","url":"http:\/\/high-level-process.de\/wp-content\/uploads\/2020\/11\/alexander-1.png","contentUrl":"http:\/\/high-level-process.de\/wp-content\/uploads\/2020\/11\/alexander-1.png"},{"@type":"BreadcrumbList","@id":"https:\/\/high-level-process.de\/private-session\/#breadcrumb","itemListElement":[{"@type":"ListItem","position":1,"name":"Startseite","item":"https:\/\/high-level-process.de\/"},{"@type":"ListItem","position":2,"name":"private-session"}]},{"@type":"WebSite","@id":"https:\/\/high-level-process.de\/#website","url":"https:\/\/high-level-process.de\/","name":"High-Level-Process","description":"Gesch\u00e4ftprozessoptimierung und Digitalisierung","publisher":{"@id":"https:\/\/high-level-process.de\/#organization"},"potentialAction":[{"@type":"SearchAction","target":{"@type":"EntryPoint","urlTemplate":"https:\/\/high-level-process.de\/?s={search_term_string}"},"query-input":{"@type":"PropertyValueSpecification","valueRequired":true,"valueName":"search_term_string"}}],"inLanguage":"en-US"},{"@type":"Organization","@id":"https:\/\/high-level-process.de\/#organization","name":"High-Level-Process","url":"https:\/\/high-level-process.de\/","logo":{"@type":"ImageObject","inLanguage":"en-US","@id":"https:\/\/high-level-process.de\/#\/schema\/logo\/image\/","url":"http:\/\/high-level-process.de\/wp-content\/uploads\/2020\/11\/HLP.png.png","contentUrl":"http:\/\/high-level-process.de\/wp-content\/uploads\/2020\/11\/HLP.png.png","width":3000,"height":3000,"caption":"High-Level-Process"},"image":{"@id":"https:\/\/high-level-process.de\/#\/schema\/logo\/image\/"},"sameAs":["https:\/\/www.facebook.com\/HighLevelProcess\/","http:\/\/www.linkedin.com\/in\/high-level-process"]}]}},"_links":{"self":[{"href":"https:\/\/high-level-process.de\/en\/wp-json\/wp\/v2\/pages\/42","targetHints":{"allow":["GET"]}}],"collection":[{"href":"https:\/\/high-level-process.de\/en\/wp-json\/wp\/v2\/pages"}],"about":[{"href":"https:\/\/high-level-process.de\/en\/wp-json\/wp\/v2\/types\/page"}],"author":[{"embeddable":true,"href":"https:\/\/high-level-process.de\/en\/wp-json\/wp\/v2\/users\/1"}],"replies":[{"embeddable":true,"href":"https:\/\/high-level-process.de\/en\/wp-json\/wp\/v2\/comments?post=42"}],"version-history":[{"count":14,"href":"https:\/\/high-level-process.de\/en\/wp-json\/wp\/v2\/pages\/42\/revisions"}],"predecessor-version":[{"id":160,"href":"https:\/\/high-level-process.de\/en\/wp-json\/wp\/v2\/pages\/42\/revisions\/160"}],"wp:attachment":[{"href":"https:\/\/high-level-process.de\/en\/wp-json\/wp\/v2\/media?parent=42"}],"curies":[{"name":"wp","href":"https:\/\/api.w.org\/{rel}","templated":true}]}}