{"id":26,"date":"2020-11-10T06:50:38","date_gmt":"2020-11-10T06:50:38","guid":{"rendered":"http:\/\/high-level-process.de\/?page_id=26"},"modified":"2021-05-18T15:38:02","modified_gmt":"2021-05-18T15:38:02","slug":"bewerbung","status":"publish","type":"page","link":"https:\/\/high-level-process.de\/en\/bewerbung\/","title":{"rendered":"bewerbung"},"content":{"rendered":"<p><span style=\"width: 100%;\"><img decoding=\"async\" alt=\"\" title=\"HLP.png\" data-id=\"12\" src=\"\/\/high-level-process.de\/wp-content\/uploads\/2020\/11\/HLP.png.png\" style=\"\" data-width=\"251\" data-height=\"251\" data-init-width=\"3000\" data-init-height=\"3000\" loading=\"lazy\" width=\"251\" height=\"251\"><\/span><\/p>\n<p style=\"text-align: center;\">think.process.digital<\/p>\n<h1 style=\"text-align: center;\"><strong><strong>Deine kostenlose Beratungssession<\/strong><\/strong><\/h1>\n<h3 style=\"text-align: center;\"><em>Bitte f\u00fclle dieses kurze Formular aus, damit ich wei\u00df, wie ich dir helfen kann:<\/em><\/h3>\n<p> Bitte hier ausf\u00fcllen <a href=\"https:\/\/sieglalexander.wufoo.com\/forms\/z1b61bw8037ukbm\">Online Formular<\/a>.  [tcb-script type=&#8220;text\/javascript&#8220;] var z1b61bw8037ukbm; (function(d, t) { var s = d.createElement(t), options = { &#8218;userName&#8216;:&#8217;sieglalexander&#8216;, &#8218;formHash&#8216;:&#8217;z1b61bw8037ukbm&#8216;, &#8218;autoResize&#8216;:true, &#8218;height&#8216;:&#8217;405&#8242;, &#8218;async&#8216;:true, &#8218;host&#8216;:&#8217;wufoo.com&#8216;, &#8218;header&#8216;:&#8217;hide&#8216;, &#8217;ssl&#8216;:true }; s.src = (&#8218;https:&#8216; == d.location.protocol ?&#8217;https:\/\/&#8216;:&#8217;http:\/\/&#8216;) + &#8217;secure.wufoo.com\/scripts\/embed\/form.js&#8216;; s.onload = s.onreadystatechange = function() { var rs = this.readyState; if (rs) if (rs != &#8218;complete&#8216;) if (rs != &#8218;loaded&#8216;) return; try { z1b61bw8037ukbm = new WufooForm(); z1b61bw8037ukbm.initialize(options); z1b61bw8037ukbm.display(); } catch (e) { } }; var scr = d.getElementsByTagName(t)[0], par = scr.parentNode; par.insertBefore(s, scr); })(document, &#8217;script&#8216;); [\/tcb-script]<\/p>\n<p>Copyright \u00a9 2018<span style=\"color: rgb(167, 167, 167);\"><a href=\"\/en\/impressum\/\" style=\"outline: currentcolor none medium;\"><span>Impressum &amp; Datenschutzerkl\u00e4rung<\/span><\/a><\/span><\/p>\n<p style=\"text-align: center;\">\n<p style=\"text-align: center;\">This site is not a part of the Facebook website or Facebook Inc. Additionally, This site is NOT endorsed by Facebook in any way. FACEBOOK is a trademark of FACEBOOK, Inc.<\/p>","protected":false},"excerpt":{"rendered":"<p>think.process.digital Deine kostenlose Beratungssession Bitte f\u00fclle dieses kurze Formular aus, damit ich wei\u00df, wie ich dir helfen kann: Bitte hier ausf\u00fcllen Online Formular. [tcb-script type=&#8220;text\/javascript&#8220;] var z1b61bw8037ukbm; (function(d, t) { var s = d.createElement(t), options = { &#8218;userName&#8216;:&#8217;sieglalexander&#8216;, &#8218;formHash&#8216;:&#8217;z1b61bw8037ukbm&#8216;, &#8218;autoResize&#8216;:true, &#8218;height&#8216;:&#8217;405&#8242;, &#8218;async&#8216;:true, &#8218;host&#8216;:&#8217;wufoo.com&#8216;, &#8218;header&#8216;:&#8217;hide&#8216;, &#8217;ssl&#8216;:true }; s.src = (&#8218;https:&#8216; == d.location.protocol ?&#8217;https:\/\/&#8216;:&#8217;http:\/\/&#8216;) + &#8217;secure.wufoo.com\/scripts\/embed\/form.js&#8216;; s.onload&hellip; <a class=\"more-link\" href=\"https:\/\/high-level-process.de\/en\/bewerbung\/\">Continue reading <span class=\"screen-reader-text\">bewerbung<\/span><\/a><\/p>","protected":false},"author":1,"featured_media":0,"parent":0,"menu_order":0,"comment_status":"closed","ping_status":"closed","template":"","meta":{"footnotes":""},"class_list":["post-26","page","type-page","status-publish","hentry","entry"],"yoast_head":"<!-- This site is optimized with the Yoast SEO Premium plugin v18.1 (Yoast SEO v24.9) - https:\/\/yoast.com\/wordpress\/plugins\/seo\/ -->\n<title>bewerbung - High-Level-Process<\/title>\n<meta name=\"robots\" content=\"index, follow, max-snippet:-1, max-image-preview:large, max-video-preview:-1\" \/>\n<link rel=\"canonical\" href=\"https:\/\/high-level-process.de\/en\/bewerbung\/\" \/>\n<meta property=\"og:locale\" content=\"en_US\" \/>\n<meta property=\"og:type\" content=\"article\" \/>\n<meta property=\"og:title\" content=\"bewerbung\" \/>\n<meta property=\"og:description\" content=\"think.process.digital Deine kostenlose Beratungssession Bitte f\u00fclle dieses kurze Formular aus, damit ich wei\u00df, wie ich dir helfen kann: Bitte hier ausf\u00fcllen Online Formular. [tcb-script type=&#8220;text\/javascript&#8220;] var z1b61bw8037ukbm; (function(d, t) { var s = d.createElement(t), options = { &#8218;userName&#8216;:&#8217;sieglalexander&#8216;, &#8218;formHash&#8216;:&#8217;z1b61bw8037ukbm&#8216;, &#8218;autoResize&#8216;:true, &#8218;height&#8216;:&#8217;405&#8242;, &#8218;async&#8216;:true, &#8218;host&#8216;:&#8217;wufoo.com&#8216;, &#8218;header&#8216;:&#8217;hide&#8216;, &#8217;ssl&#8216;:true }; s.src = (&#8218;https:&#8216; == d.location.protocol ?&#8217;https:\/\/&#8216;:&#8217;http:\/\/&#8216;) + &#8217;secure.wufoo.com\/scripts\/embed\/form.js&#8216;; s.onload&hellip; Continue reading bewerbung\" \/>\n<meta property=\"og:url\" content=\"https:\/\/high-level-process.de\/en\/bewerbung\/\" \/>\n<meta property=\"og:site_name\" content=\"High-Level-Process\" \/>\n<meta property=\"article:publisher\" content=\"https:\/\/www.facebook.com\/HighLevelProcess\/\" \/>\n<meta property=\"article:modified_time\" content=\"2021-05-18T15:38:02+00:00\" \/>\n<meta property=\"og:image\" content=\"\/\/high-level-process.de\/wp-content\/uploads\/2020\/11\/HLP.png.png\" \/>\n<meta name=\"twitter:card\" content=\"summary_large_image\" \/>\n<meta name=\"twitter:label1\" content=\"Est. reading time\" \/>\n\t<meta name=\"twitter:data1\" content=\"1 minute\" \/>\n<script type=\"application\/ld+json\" class=\"yoast-schema-graph\">{\"@context\":\"https:\/\/schema.org\",\"@graph\":[{\"@type\":\"WebPage\",\"@id\":\"https:\/\/high-level-process.de\/bewerbung\/\",\"url\":\"https:\/\/high-level-process.de\/bewerbung\/\",\"name\":\"bewerbung - High-Level-Process\",\"isPartOf\":{\"@id\":\"https:\/\/high-level-process.de\/#website\"},\"datePublished\":\"2020-11-10T06:50:38+00:00\",\"dateModified\":\"2021-05-18T15:38:02+00:00\",\"breadcrumb\":{\"@id\":\"https:\/\/high-level-process.de\/bewerbung\/#breadcrumb\"},\"inLanguage\":\"en-US\",\"potentialAction\":[{\"@type\":\"ReadAction\",\"target\":[\"https:\/\/high-level-process.de\/bewerbung\/\"]}]},{\"@type\":\"BreadcrumbList\",\"@id\":\"https:\/\/high-level-process.de\/bewerbung\/#breadcrumb\",\"itemListElement\":[{\"@type\":\"ListItem\",\"position\":1,\"name\":\"Startseite\",\"item\":\"https:\/\/high-level-process.de\/\"},{\"@type\":\"ListItem\",\"position\":2,\"name\":\"bewerbung\"}]},{\"@type\":\"WebSite\",\"@id\":\"https:\/\/high-level-process.de\/#website\",\"url\":\"https:\/\/high-level-process.de\/\",\"name\":\"High-Level-Process\",\"description\":\"Gesch\u00e4ftprozessoptimierung und Digitalisierung\",\"publisher\":{\"@id\":\"https:\/\/high-level-process.de\/#organization\"},\"potentialAction\":[{\"@type\":\"SearchAction\",\"target\":{\"@type\":\"EntryPoint\",\"urlTemplate\":\"https:\/\/high-level-process.de\/?s={search_term_string}\"},\"query-input\":{\"@type\":\"PropertyValueSpecification\",\"valueRequired\":true,\"valueName\":\"search_term_string\"}}],\"inLanguage\":\"en-US\"},{\"@type\":\"Organization\",\"@id\":\"https:\/\/high-level-process.de\/#organization\",\"name\":\"High-Level-Process\",\"url\":\"https:\/\/high-level-process.de\/\",\"logo\":{\"@type\":\"ImageObject\",\"inLanguage\":\"en-US\",\"@id\":\"https:\/\/high-level-process.de\/#\/schema\/logo\/image\/\",\"url\":\"http:\/\/high-level-process.de\/wp-content\/uploads\/2020\/11\/HLP.png.png\",\"contentUrl\":\"http:\/\/high-level-process.de\/wp-content\/uploads\/2020\/11\/HLP.png.png\",\"width\":3000,\"height\":3000,\"caption\":\"High-Level-Process\"},\"image\":{\"@id\":\"https:\/\/high-level-process.de\/#\/schema\/logo\/image\/\"},\"sameAs\":[\"https:\/\/www.facebook.com\/HighLevelProcess\/\",\"http:\/\/www.linkedin.com\/in\/high-level-process\"]}]}<\/script>\n<!-- \/ Yoast SEO Premium plugin. -->","yoast_head_json":{"title":"bewerbung - High-Level-Process","robots":{"index":"index","follow":"follow","max-snippet":"max-snippet:-1","max-image-preview":"max-image-preview:large","max-video-preview":"max-video-preview:-1"},"canonical":"https:\/\/high-level-process.de\/en\/bewerbung\/","og_locale":"en_US","og_type":"article","og_title":"bewerbung","og_description":"think.process.digital Deine kostenlose Beratungssession Bitte f\u00fclle dieses kurze Formular aus, damit ich wei\u00df, wie ich dir helfen kann: Bitte hier ausf\u00fcllen Online Formular. [tcb-script type=&#8220;text\/javascript&#8220;] var z1b61bw8037ukbm; (function(d, t) { var s = d.createElement(t), options = { &#8218;userName&#8216;:&#8217;sieglalexander&#8216;, &#8218;formHash&#8216;:&#8217;z1b61bw8037ukbm&#8216;, &#8218;autoResize&#8216;:true, &#8218;height&#8216;:&#8217;405&#8242;, &#8218;async&#8216;:true, &#8218;host&#8216;:&#8217;wufoo.com&#8216;, &#8218;header&#8216;:&#8217;hide&#8216;, &#8217;ssl&#8216;:true }; s.src = (&#8218;https:&#8216; == d.location.protocol ?&#8217;https:\/\/&#8216;:&#8217;http:\/\/&#8216;) + &#8217;secure.wufoo.com\/scripts\/embed\/form.js&#8216;; s.onload&hellip; Continue reading bewerbung","og_url":"https:\/\/high-level-process.de\/en\/bewerbung\/","og_site_name":"High-Level-Process","article_publisher":"https:\/\/www.facebook.com\/HighLevelProcess\/","article_modified_time":"2021-05-18T15:38:02+00:00","og_image":[{"url":"\/\/high-level-process.de\/wp-content\/uploads\/2020\/11\/HLP.png.png","type":"","width":"","height":""}],"twitter_card":"summary_large_image","twitter_misc":{"Est. reading time":"1 minute"},"schema":{"@context":"https:\/\/schema.org","@graph":[{"@type":"WebPage","@id":"https:\/\/high-level-process.de\/bewerbung\/","url":"https:\/\/high-level-process.de\/bewerbung\/","name":"bewerbung - High-Level-Process","isPartOf":{"@id":"https:\/\/high-level-process.de\/#website"},"datePublished":"2020-11-10T06:50:38+00:00","dateModified":"2021-05-18T15:38:02+00:00","breadcrumb":{"@id":"https:\/\/high-level-process.de\/bewerbung\/#breadcrumb"},"inLanguage":"en-US","potentialAction":[{"@type":"ReadAction","target":["https:\/\/high-level-process.de\/bewerbung\/"]}]},{"@type":"BreadcrumbList","@id":"https:\/\/high-level-process.de\/bewerbung\/#breadcrumb","itemListElement":[{"@type":"ListItem","position":1,"name":"Startseite","item":"https:\/\/high-level-process.de\/"},{"@type":"ListItem","position":2,"name":"bewerbung"}]},{"@type":"WebSite","@id":"https:\/\/high-level-process.de\/#website","url":"https:\/\/high-level-process.de\/","name":"High-Level-Process","description":"Gesch\u00e4ftprozessoptimierung und Digitalisierung","publisher":{"@id":"https:\/\/high-level-process.de\/#organization"},"potentialAction":[{"@type":"SearchAction","target":{"@type":"EntryPoint","urlTemplate":"https:\/\/high-level-process.de\/?s={search_term_string}"},"query-input":{"@type":"PropertyValueSpecification","valueRequired":true,"valueName":"search_term_string"}}],"inLanguage":"en-US"},{"@type":"Organization","@id":"https:\/\/high-level-process.de\/#organization","name":"High-Level-Process","url":"https:\/\/high-level-process.de\/","logo":{"@type":"ImageObject","inLanguage":"en-US","@id":"https:\/\/high-level-process.de\/#\/schema\/logo\/image\/","url":"http:\/\/high-level-process.de\/wp-content\/uploads\/2020\/11\/HLP.png.png","contentUrl":"http:\/\/high-level-process.de\/wp-content\/uploads\/2020\/11\/HLP.png.png","width":3000,"height":3000,"caption":"High-Level-Process"},"image":{"@id":"https:\/\/high-level-process.de\/#\/schema\/logo\/image\/"},"sameAs":["https:\/\/www.facebook.com\/HighLevelProcess\/","http:\/\/www.linkedin.com\/in\/high-level-process"]}]}},"_links":{"self":[{"href":"https:\/\/high-level-process.de\/en\/wp-json\/wp\/v2\/pages\/26","targetHints":{"allow":["GET"]}}],"collection":[{"href":"https:\/\/high-level-process.de\/en\/wp-json\/wp\/v2\/pages"}],"about":[{"href":"https:\/\/high-level-process.de\/en\/wp-json\/wp\/v2\/types\/page"}],"author":[{"embeddable":true,"href":"https:\/\/high-level-process.de\/en\/wp-json\/wp\/v2\/users\/1"}],"replies":[{"embeddable":true,"href":"https:\/\/high-level-process.de\/en\/wp-json\/wp\/v2\/comments?post=26"}],"version-history":[{"count":6,"href":"https:\/\/high-level-process.de\/en\/wp-json\/wp\/v2\/pages\/26\/revisions"}],"predecessor-version":[{"id":175,"href":"https:\/\/high-level-process.de\/en\/wp-json\/wp\/v2\/pages\/26\/revisions\/175"}],"wp:attachment":[{"href":"https:\/\/high-level-process.de\/en\/wp-json\/wp\/v2\/media?parent=26"}],"curies":[{"name":"wp","href":"https:\/\/api.w.org\/{rel}","templated":true}]}}