{"id":106,"date":"2022-03-05T07:50:32","date_gmt":"2022-03-05T07:50:32","guid":{"rendered":"http:\/\/high-level-process.de\/?page_id=106"},"modified":"2022-03-15T18:16:41","modified_gmt":"2022-03-15T18:16:41","slug":"spare-zeit-geld-durch-optimale-geschaeftsprozesse","status":"publish","type":"page","link":"https:\/\/high-level-process.de\/en\/","title":{"rendered":"Hauptseite"},"content":{"rendered":"<p><a href=\"#\" rel=\"\"><\/a><a href=\"#\" rel=\"\"><\/a><a href=\"#\" rel=\"\"><\/a><a href=\"#\" rel=\"\"><\/a><a href=\"#\" rel=\"\"><span><img decoding=\"async\" alt=\"\" data-id=\"12\" data-init-width=\"3000\" data-init-height=\"3000\" title=\"HLP.png\" src=\"\/\/high-level-process.de\/wp-content\/uploads\/2020\/11\/HLP.png.png\" data-width=\"190\" data-height=\"190\" style=\"\" loading=\"lazy\" width=\"190\" height=\"190\"><\/span><\/p>\n<p><\/a><a href=\"#\" rel=\"\"><\/a><a href=\"#\" rel=\"\"><\/a><\/p>\n<h4 style=\"\">THINK. PROCESS. DIGITAL<\/h4>\n<h1 style=\"\">SPARE ZEIT &amp; GELD durch <strong>OPTIMAL <\/strong><strong>BUSINESS<\/strong><\/h1>\n<p style=\"\">Kosten senken und Zeit gewinnen durch effiziente Gesch\u00e4ftsprozesse und Digitalisierung.<\/p>\n<p style=\"\">\n<p style=\"\">Wir sind spezialisiert darauf Abl\u00e4ufe in Unternehmen zu verbessern; dir deinen Alltag zu erleichtern und das Potiential deiner Mitarbeiter(innen) und deiner Anwendungen optimal auszusch\u00f6pfen<\/p>\n<p><span><img decoding=\"async\" alt=\"Optimale Gesch\u00e4ftsprozesse\" data-id=\"75228\" data-init-width=\"1000\" data-init-height=\"564\" title=\"data-img-smaller\" src=\"http:\/\/high-level-process.de\/wp-content\/uploads\/2021\/05\/data-img-smaller-1.png\" data-width=\"739\" data-height=\"417\" style=\"\" loading=\"lazy\" width=\"739\" height=\"417\"><\/span><\/p>\n<h2 style=\"\">OUR SERVICES<\/h2>\n<p><strong>&#8222;Tu erst das Notwendige, dann das M\u00f6gliche, und pl\u00f6tzlich schaffst du das Unm\u00f6gliche&#8220; <\/strong>*Francis of Assisi (1181-1226)<\/p>\n<\/p>\n<p>We offer you a variety of services and solutions that make everyday life easier<\/p>\n<\/p>\n<p>We put together a solution package in which measurable successes can be achieved quickly and efficiently.<\/p>\n<\/p>\n<p>Wir beraten dich nicht nur &#8211; wir setzen es auch um und stehen Voll-und-Ganz hinter dem was wir tun.<\/p>\n<\/p>\n<p style=\"\">01<\/p>\n<p><span><img decoding=\"async\" alt=\"\" data-id=\"75227\" data-init-width=\"974\" data-init-height=\"968\" title=\"data-gradient-bg-flipped\" src=\"http:\/\/high-level-process.de\/wp-content\/uploads\/2021\/05\/data-gradient-bg-flipped-1.png\" data-width=\"718\" data-height=\"714\" style=\"\" loading=\"lazy\" width=\"718\" height=\"714\"><\/span><span><img decoding=\"async\" alt=\"Robotic Process Automation\" data-id=\"259\" data-init-width=\"2417\" data-init-height=\"1875\" title=\"RPA-01\" src=\"\/\/high-level-process.de\/wp-content\/uploads\/2021\/07\/RPA-01.png\" data-width=\"385\" data-height=\"299\" style=\"\" loading=\"lazy\" width=\"385\" height=\"299\"><\/span><\/p>\n<h3 style=\"text-align: center;\">Automated business processes<\/h3>\n<p>&nbsp; &nbsp; (<strong>R<\/strong>obotic<strong>P<\/strong>rocess<strong>A<\/strong>utomation)<\/p>\n<p style=\"text-align: center;\">Routineaufgaben delegieren &#8211; arbeiten lassen ! Automatisiere deine Aufgaben \u00fcber Intelligente Workflows.Eleminiere Medienbr\u00fcche; nutze Schnittstellen optimal f\u00fcr deine Zwecke. Arbeitserleichterung und -entlastung vorantreiben<\/p>\n<p><a href=\"https:\/\/harmonizely.com\/alexander-siegl\" rel=\"noopener\" target=\"_blank\"><\/a><span><img decoding=\"async\" alt=\"Process Mining\" data-id=\"197\" data-init-width=\"2418\" data-init-height=\"1876\" title=\"processmining\" src=\"\/\/high-level-process.de\/wp-content\/uploads\/2021\/07\/processmining.png\" data-width=\"385\" data-height=\"299\" style=\"\" loading=\"lazy\" width=\"385\" height=\"299\"><\/span><\/p>\n<h3 style=\"text-align: center;\">Process Mining &#8211; das Potential in Ihren Kennzahlen&nbsp;<\/h3>\n<p style=\"text-align: center;\">Don't just evaluate your business figures!<\/p>\n<p style=\"text-align: center;\">\n<p style=\"text-align: center;\">Use the potential of your underlying data and information<\/p>\n<p style=\"text-align: center;\">to identify value-adding potentials,<\/p>\n<p style=\"text-align: center;\">um &#8222;Zeitfresser&#8220; in Abl\u00e4ufen zu entdecken und mit diesen Process-Mining Erkenntnissen Ihre Abl\u00e4ufe optimaler zu gestalten<\/p>\n<p><a href=\"https:\/\/harmonizely.com\/alexander-siegl\" rel=\"noopener\" target=\"_blank\"><\/a><span><img decoding=\"async\" alt=\"Business Kuemmerer\" data-id=\"258\" data-init-width=\"2907\" data-init-height=\"2255\" title=\"business kummerer-01\" src=\"\/\/high-level-process.de\/wp-content\/uploads\/2021\/07\/business-kummerer-01.png\" data-width=\"300\" data-height=\"233\" style=\"\" loading=\"lazy\" width=\"300\" height=\"233\"><\/span><\/p>\n<h3 style=\"text-align: center;\">BUSINESS CAREGIVER<\/h3>\n<p style=\"text-align: center;\">Exclusively assigned person who takes care of your concerns and relieves you. Responsible and reliable.<\/p>\n<p style=\"text-align: center;\">\n<p style=\"text-align: center;\">IDein pers\u00f6nlicher K\u00fcmmererf\u00fcr Probleme, Aufgaben und Anliegen<\/p>\n<p style=\"text-align: center;\">\n<p style=\"text-align: center;\">Egal ob technisch oder organisatorisch &#8211; dein Business K\u00fcmmerer l\u00f6st es<\/p>\n<p><a href=\"https:\/\/harmonizely.com\/alexander-siegl\" rel=\"noopener\" target=\"_blank\"><\/a><span><img decoding=\"async\" alt=\"Process Mindset\" data-id=\"75221\" data-init-width=\"128\" data-init-height=\"128\" title=\"analytics-2\" src=\"http:\/\/high-level-process.de\/wp-content\/uploads\/2021\/05\/analytics-2-1.png\" data-width=\"100\" data-height=\"100\" style=\"\" loading=\"lazy\" width=\"100\" height=\"100\"><\/span><\/p>\n<h3 style=\"text-align: center;\">PROCESS MINDSET<\/h3>\n<p style=\"text-align: center;\">Coaching &amp; Consulting im Prozessdenken. Methodiken und Herangehensweisen um Problemfelder zu identifizieren, L\u00f6sungen zu konzipieren, Mehrwerte zu &nbsp;schaffen. Automatisierung &amp; Digitalisierung zu verstehen<\/p>\n<p><a href=\"https:\/\/harmonizely.com\/alexander-siegl\" rel=\"noopener\" target=\"_blank\"><\/a><span><img decoding=\"async\" alt=\"Data Governance\" data-id=\"260\" data-init-width=\"2417\" data-init-height=\"1875\" title=\"Data Governance (1)-01\" src=\"\/\/high-level-process.de\/wp-content\/uploads\/2021\/07\/Data-Governance-1-01.png\" data-width=\"385\" data-height=\"299\" style=\"\" loading=\"lazy\" width=\"385\" height=\"299\"><\/span><\/p>\n<h3 style=\"text-align: center;\">DATA GOVERNANCE<\/h3>\n<p style=\"text-align: center;\">Holistic management of data<\/p>\n<p style=\"text-align: center;\">over the entire life cycle in the company<\/p>\n<p><a href=\"https:\/\/harmonizely.com\/alexander-siegl\" rel=\"noopener\" target=\"_blank\"><\/a><span><img decoding=\"async\" alt=\"Prozessoptimierung\" data-id=\"75219\" data-init-width=\"128\" data-init-height=\"128\" title=\"analytics\" src=\"http:\/\/high-level-process.de\/wp-content\/uploads\/2021\/05\/analytics-4.png\" data-width=\"100\" data-height=\"100\" style=\"\" loading=\"lazy\" width=\"100\" height=\"100\"><\/span><\/p>\n<h3 style=\"text-align: center;\">Unternehmensprozessoptimierung<\/h3>\n<p style=\"text-align: center;\">Abl\u00e4ufe im Unternehmen stetig verbessern. Mehrwerte definieren; Prozess-Benefit-KPI\u00b4s erstellen, ROI-Berechnung; Win-Win Prozesse gestalten<\/p>\n<p><a href=\"https:\/\/harmonizely.com\/alexander-siegl\" rel=\"noopener\" target=\"_blank\"><\/a><span><img decoding=\"async\" alt=\"Unternehmesentwicklung\" data-id=\"75222\" data-init-width=\"128\" data-init-height=\"128\" title=\"analytics-3\" src=\"http:\/\/high-level-process.de\/wp-content\/uploads\/2021\/05\/analytics-3-1.png\" data-width=\"100\" data-height=\"100\" style=\"\" loading=\"lazy\" width=\"100\" height=\"100\"><\/span><\/p>\n<h3 style=\"text-align: center;\">Unternehmens-entwicklung<\/h3>\n<p style=\"text-align: center;\">From hierarchical, division-organized companies to digital procedural management 3.0 companies<\/p>\n<p><a href=\"https:\/\/harmonizely.com\/alexander-siegl\" rel=\"noopener\" target=\"_blank\"><\/a><span><img decoding=\"async\" alt=\"\" data-id=\"75227\" data-init-width=\"974\" data-init-height=\"968\" title=\"data-gradient-bg-flipped\" src=\"http:\/\/high-level-process.de\/wp-content\/uploads\/2021\/05\/data-gradient-bg-flipped-1.png\" data-width=\"609\" data-height=\"605\" style=\"\" loading=\"lazy\" width=\"609\" height=\"605\"><\/span><span><img decoding=\"async\" alt=\"\" data-id=\"75226\" data-init-width=\"974\" data-init-height=\"968\" title=\"data-gradient-bg\" src=\"http:\/\/high-level-process.de\/wp-content\/uploads\/2021\/05\/data-gradient-bg-1.png\" data-width=\"609\" data-height=\"605\" style=\"\" loading=\"lazy\" width=\"609\" height=\"605\"><\/span><\/p>\n<h2 style=\"text-align: center; padding: 0px !important; margin: 0px !important;\">TOOLS \/ PRODUCTS<\/h2>\n<p style=\"text-align: center;\">In all our projects, we analyze your existing IT and get an overview of the applications and software used.&nbsp;<\/p>\n<p style=\"text-align: center;\">The aim is to exploit the full potential with the existing software to improve processes&nbsp;<\/p>\n<p style=\"text-align: center;\">\n<p style=\"text-align: center;\">In addition, we also work closely with some partners and manufacturers for many years who have specialized in holistic business process optimization. <\/p>\n<p><span><img decoding=\"async\" alt=\"Robotic Process Automation\" data-id=\"259\" data-init-width=\"2417\" data-init-height=\"1875\" title=\"RPA-01\" src=\"\/\/high-level-process.de\/wp-content\/uploads\/2021\/07\/RPA-01.png\" data-width=\"372\" data-height=\"288\" style=\"\" loading=\"lazy\" width=\"372\" height=\"288\"><\/span><\/p>\n<h2 style=\"text-align: left; padding: 0px !important; margin: 0px !important;\">AUTOMATED BUSINESS PROCESSES<\/h2>\n<h4 style=\"color: rgb(255, 178, 41) !important; --tcb-applied-color:rgb(255, 178, 41)  !important;\">GET THE JOB DONE<\/h4>\n<p style=\"text-align: left;\">Wiederkehrende Arbeiten, l\u00e4stige T\u00e4tigkeiten, monotones Abarbeiten, Listen w\u00e4lzen, Excel Dateien durchforsten und vieles mehr &#8230;<\/p>\n<p style=\"text-align: left;\">\n<p style=\"text-align: left;\">Who doesn't know that! This is exactly where the approach to automated business processes is.&nbsp;<\/p>\n<p style=\"text-align: left;\">\u00dcber softwaregest\u00fctzte L\u00f6sungen lassen sich ganze Arbeitsabl\u00e4ufe automatisiert abarbeiten &#8211; zuverl\u00e4ssig, schnell und fehlerfrei<\/p>\n<p style=\"text-align: left;\">\n<p style=\"text-align: left;\">Das Ganze in einer grafischen Oberfl\u00e4che, Abl\u00e4ufe per Drag&amp;Drop zusammengestellt &#8211; somit sind keine Programmierer notwendig ! <\/p>\n<ul>\n<li style=\"\">                    <span style=\"\"><\/span><\/li>\n<\/ul>\n<ul>\n<li style=\"\"><span style=\"\"><\/span><\/li>\n<\/ul>\n<ul>\n<li style=\"\"><span style=\"\"><\/span><\/li>\n<\/ul>\n<p><span><img decoding=\"async\" alt=\"Data Governance\" data-id=\"260\" data-init-width=\"2417\" data-init-height=\"1875\" title=\"Data Governance (1)-01\" src=\"\/\/high-level-process.de\/wp-content\/uploads\/2021\/07\/Data-Governance-1-01.png\" data-width=\"372\" data-height=\"288\" style=\"\" loading=\"lazy\" width=\"372\" height=\"288\"><\/span><\/p>\n<h2 style=\"text-align: left; padding: 0px !important; margin: 0px !important;\">Data Governance<\/h2>\n<h4 style=\"color: rgb(255, 178, 41) !important; --tcb-applied-color:rgb(255, 178, 41)  !important;\">HOLISTIC DATA MANAGEMENT<\/h4>\n<p style=\"text-align: left;\">The management of data includes processes, methodologies as well as documentation and the understanding or awareness of which data runs in the company and how.&nbsp;<\/p>\n<p style=\"text-align: left;\">Themen des Datenschutz, Datensicherheit, Datenintegrit\u00e4t und Datenqualtit\u00e4t sind ebenfalls Bestandteil von Data Governance<\/p>\n<p style=\"text-align: left;\">\n<p style=\"text-align: left;\">Wie stellt man sicher wo meine Daten genutzt werden ? Welche Schnittstellen werden von welcher Anwendung benutzt ? Kann ich einfach Anwendung A durch eine neue Anwendung ersetzen ? Was passiert wenn ich ein System herunterfahre ?<\/p>\n<p style=\"text-align: left;\">\n<p style=\"text-align: left;\">Kannst du die oben genannten Fragen nicht eindeutig beantworten &nbsp;? ! Dann ist Data Governance ganz klar ein Thema f\u00fcr dich <\/p>\n<ul>\n<li style=\"\">                    <span style=\"\"><\/span><\/li>\n<\/ul>\n<ul>\n<li style=\"\"><span style=\"\"><\/span><\/li>\n<\/ul>\n<ul>\n<li style=\"\"><span style=\"\"><\/span><\/li>\n<\/ul>\n<p style=\"\">02<\/p>\n<h2 style=\"padding: 0px !important; margin: 0px !important;\"><span style=\"text-transform: none;\">REFERENCES<\/span><\/h2>\n<p style=\"padding: 0px !important; margin: 0px !important;\">we have many projects and customers in a wide variety of industries.<\/p>\n<p style=\"padding: 0px !important; margin: 0px !important;\">Since we mainly carry out projects in administrative areas, we are industry-independent and can also operate in all company sizes.<\/p>\n<p style=\"padding: 0px !important; margin: 0px !important;\">\n<p style=\"padding: 0px !important; margin: 0px !important;\">Egal ob Handwerk, Einzelhandel, Logistik, Solo-Selbst\u00e4ndige, Industrie oder Dienstleister &#8211; es gibt in jeder Unternehmung Prozesse und Abl\u00e4ufe die sich verbessern lassen.<\/p>\n<p style=\"padding: 0px !important; margin: 0px !important;\">\n<p style=\"padding: 0px !important; margin: 0px !important;\">Unsere L\u00f6sungen sind jeweils auf die Belange deiner Anforderungen abgestimmt &nbsp;&#8211; hier agieren wir mit unserem modularen L\u00f6sungsbaukasten agil, dynamisch und skalierbar.&nbsp;<\/p>\n<p style=\"padding: 0px !important; margin: 0px !important;\">Our solutions are tailored to the needs of your requirements - here we act agile, dynamic and scalable with our modular solution kit.<\/p>\n<p style=\"padding: 0px !important; margin: 0px !important;\">Wichtig ist dass die L\u00f6sung zum Prozess und Unternehmen passt &#8211; nicht umgekehrt.<\/p>\n<p style=\"padding: 0px !important; margin: 0px !important;\">03<\/p>\n<h4 style=\"\">THINK. PROCESS. DIGITAL<\/h4>\n<h2 style=\"padding: 0px !important; margin: 0px !important;\"><span style=\"text-transform: none;\">MAKE AN APPOINTMENT<\/span><\/h2>\n<p style=\"padding: 0px !important; margin: 0px !important;\">Nutze die M\u00f6glichkeit des kostenlosen Beratungsgespr\u00e4ch Wir melden uns dann schnellstm\u00f6glich bei dir <\/p>\n<p style=\"padding: 0px !important; margin: 0px !important;\">\n<p style=\"padding: 0px !important; margin: 0px !important;\">I look forward to your contact request<\/p>\n<p><span><img decoding=\"async\" alt=\"\" data-id=\"21\" data-init-width=\"241\" data-init-height=\"67\" title=\"alexander\" src=\"\/\/high-level-process.de\/wp-content\/uploads\/2020\/11\/alexander.png\" data-width=\"241\" data-height=\"67\" loading=\"lazy\" width=\"241\" height=\"67\"><\/span><\/p>\n<p><span><span><em><span>Alexander Siegl <span>(VWA Betriebswirt; Digital Process Manager)<\/span><\/span><\/em><\/span><\/span><\/p>\n<p style=\"padding: 0px !important; margin: 0px !important;\">05<\/p>\n<p><span><img decoding=\"async\" alt=\"Alexander Siegl\" data-id=\"22\" data-init-width=\"2333\" data-init-height=\"1765\" title=\"Alex-Siegl-Portrait-Kopie2_gespiegelt\" src=\"\/\/high-level-process.de\/wp-content\/uploads\/2020\/11\/Alex-Siegl-Portrait-Kopie2_gespiegelt.jpg\" data-width=\"472\" data-height=\"357\" style=\"\" loading=\"lazy\" width=\"472\" height=\"357\"><\/span><span><img decoding=\"async\" alt=\"High-Level-Process\" data-id=\"12\" data-init-width=\"3000\" data-init-height=\"3000\" title=\"HLP.png\" src=\"\/\/high-level-process.de\/wp-content\/uploads\/2020\/11\/HLP.png.png\" data-width=\"158\" data-height=\"158\" style=\"\" loading=\"lazy\" width=\"158\" height=\"158\"><\/span><\/p>\n<p>think.process.digital<\/p>\n<p><strong>HIGH-LEVEL-PROCESS<\/strong><\/p>\n<ul>\n<li style=\"\"><span style=\"\">+49 170 73 997 38<\/span><\/li>\n<\/ul>\n<ul>\n<li style=\"\"><span style=\"\">alexander.siegl@<\/span><\/li>\n<li><span>high-level-process.de<\/span><\/li>\n<\/ul>\n<p style=\"text-align: left;\"><a href=\"http:\/\/high-level-process.de\/en\/impressum\/\" style=\"outline: none;\" target=\"_blank\" rel=\"noopener\">Impressum <\/a><\/p>\n<p style=\"text-align: left;\"><a href=\"http:\/\/high-level-process.de\/en\/impressum\/\" style=\"outline: none;\" target=\"_blank\" rel=\"noopener\">Datenschutz<\/a><\/p>\n<p style=\"text-align: left;\"><a href=\"#\" style=\"outline: none;\" target=\"_blank\" rel=\"noopener\"><\/a><\/p>\n<p style=\"text-align: right;\">Copyright 2020 \u00a9 The Landing Factory<\/p>","protected":false},"excerpt":{"rendered":"<p>THINK.PROCESS.DIGITAL SPARE ZEIT &amp; GELD durch OPTIMALE GESCH\u00c4FTSABL\u00c4UFE Kosten senken und Zeit gewinnen durch effiziente Gesch\u00e4ftsprozesse und Digitalisierung. Wir sind spezialisiert darauf Abl\u00e4ufe in Unternehmen zu verbessern; dir deinen Alltag zu erleichtern und das Potiential deiner Mitarbeiter(innen) und deiner Anwendungen optimal auszusch\u00f6pfen UNSERE LEISTUNGEN &#8222;Tu erst das Notwendige, dann das M\u00f6gliche, und pl\u00f6tzlich schaffst du&hellip; <a class=\"more-link\" href=\"https:\/\/high-level-process.de\/en\/\">Continue reading <span class=\"screen-reader-text\">Hauptseite<\/span><\/a><\/p>","protected":false},"author":1,"featured_media":0,"parent":0,"menu_order":0,"comment_status":"closed","ping_status":"closed","template":"","meta":{"footnotes":""},"class_list":["post-106","page","type-page","status-publish","hentry","entry"],"yoast_head":"<!-- This site is optimized with the Yoast SEO Premium plugin v18.1 (Yoast SEO v24.9) - https:\/\/yoast.com\/wordpress\/plugins\/seo\/ -->\n<title>HIGH-LEVEL-PROCESS optimale Gesch\u00e4ftsprozesse<\/title>\n<meta name=\"description\" content=\"SPARE ZEIT &amp; GELD durch OPTIMALE GESCH\u00c4FTSPROZESSE und Digitalisierung, Mit RPA; ProcessMindSet und DataGovernance Abl\u00e4ufe optimieren.\" \/>\n<meta name=\"robots\" content=\"index, follow, max-snippet:-1, max-image-preview:large, max-video-preview:-1\" \/>\n<link rel=\"canonical\" href=\"https:\/\/high-level-process.de\/en\/\" \/>\n<meta property=\"og:locale\" content=\"en_US\" \/>\n<meta property=\"og:type\" content=\"article\" \/>\n<meta property=\"og:title\" content=\"HIGH-LEVEL-PROCESS optimale Gesch\u00e4ftsprozesse\" \/>\n<meta property=\"og:description\" content=\"SPARE ZEIT &amp; GELD durch OPTIMALE GESCH\u00c4FTSPROZESSE und Digitalisierung, Mit RPA; ProcessMindSet und DataGovernance Abl\u00e4ufe optimieren.\" \/>\n<meta property=\"og:url\" content=\"https:\/\/high-level-process.de\/en\/\" \/>\n<meta property=\"og:site_name\" content=\"High-Level-Process\" \/>\n<meta property=\"article:publisher\" content=\"https:\/\/www.facebook.com\/HighLevelProcess\/\" \/>\n<meta property=\"article:modified_time\" content=\"2022-03-15T18:16:41+00:00\" \/>\n<meta property=\"og:image\" content=\"\/\/high-level-process.de\/wp-content\/uploads\/2020\/11\/HLP.png.png\" \/>\n<meta name=\"twitter:card\" content=\"summary_large_image\" \/>\n<meta name=\"twitter:title\" content=\"Hauptseite\" \/>\n<meta name=\"twitter:label1\" content=\"Est. reading time\" \/>\n\t<meta name=\"twitter:data1\" content=\"6 minutes\" \/>\n<script type=\"application\/ld+json\" class=\"yoast-schema-graph\">{\"@context\":\"https:\/\/schema.org\",\"@graph\":[{\"@type\":\"WebPage\",\"@id\":\"https:\/\/high-level-process.de\/\",\"url\":\"https:\/\/high-level-process.de\/\",\"name\":\"HIGH-LEVEL-PROCESS optimale Gesch\u00e4ftsprozesse\",\"isPartOf\":{\"@id\":\"https:\/\/high-level-process.de\/#website\"},\"primaryImageOfPage\":{\"@id\":\"https:\/\/high-level-process.de\/#primaryimage\"},\"image\":{\"@id\":\"https:\/\/high-level-process.de\/#primaryimage\"},\"thumbnailUrl\":\"http:\/\/high-level-process.de\/wp-content\/uploads\/2021\/05\/data-img-smaller-1.png\",\"datePublished\":\"2022-03-05T07:50:32+00:00\",\"dateModified\":\"2022-03-15T18:16:41+00:00\",\"description\":\"SPARE ZEIT & GELD durch OPTIMALE GESCH\u00c4FTSPROZESSE und Digitalisierung, Mit RPA; ProcessMindSet und DataGovernance Abl\u00e4ufe optimieren.\",\"breadcrumb\":{\"@id\":\"https:\/\/high-level-process.de\/#breadcrumb\"},\"inLanguage\":\"en-US\",\"potentialAction\":[{\"@type\":\"ReadAction\",\"target\":[\"https:\/\/high-level-process.de\/\"]}]},{\"@type\":\"ImageObject\",\"inLanguage\":\"en-US\",\"@id\":\"https:\/\/high-level-process.de\/#primaryimage\",\"url\":\"http:\/\/high-level-process.de\/wp-content\/uploads\/2021\/05\/data-img-smaller-1.png\",\"contentUrl\":\"http:\/\/high-level-process.de\/wp-content\/uploads\/2021\/05\/data-img-smaller-1.png\"},{\"@type\":\"BreadcrumbList\",\"@id\":\"https:\/\/high-level-process.de\/#breadcrumb\",\"itemListElement\":[{\"@type\":\"ListItem\",\"position\":1,\"name\":\"Startseite\",\"item\":\"https:\/\/high-level-process.de\/\"},{\"@type\":\"ListItem\",\"position\":2,\"name\":\"Hauptseite\"}]},{\"@type\":\"WebSite\",\"@id\":\"https:\/\/high-level-process.de\/#website\",\"url\":\"https:\/\/high-level-process.de\/\",\"name\":\"High-Level-Process\",\"description\":\"Gesch\u00e4ftprozessoptimierung und Digitalisierung\",\"publisher\":{\"@id\":\"https:\/\/high-level-process.de\/#organization\"},\"potentialAction\":[{\"@type\":\"SearchAction\",\"target\":{\"@type\":\"EntryPoint\",\"urlTemplate\":\"https:\/\/high-level-process.de\/?s={search_term_string}\"},\"query-input\":{\"@type\":\"PropertyValueSpecification\",\"valueRequired\":true,\"valueName\":\"search_term_string\"}}],\"inLanguage\":\"en-US\"},{\"@type\":\"Organization\",\"@id\":\"https:\/\/high-level-process.de\/#organization\",\"name\":\"High-Level-Process\",\"url\":\"https:\/\/high-level-process.de\/\",\"logo\":{\"@type\":\"ImageObject\",\"inLanguage\":\"en-US\",\"@id\":\"https:\/\/high-level-process.de\/#\/schema\/logo\/image\/\",\"url\":\"http:\/\/high-level-process.de\/wp-content\/uploads\/2020\/11\/HLP.png.png\",\"contentUrl\":\"http:\/\/high-level-process.de\/wp-content\/uploads\/2020\/11\/HLP.png.png\",\"width\":3000,\"height\":3000,\"caption\":\"High-Level-Process\"},\"image\":{\"@id\":\"https:\/\/high-level-process.de\/#\/schema\/logo\/image\/\"},\"sameAs\":[\"https:\/\/www.facebook.com\/HighLevelProcess\/\",\"http:\/\/www.linkedin.com\/in\/high-level-process\"]}]}<\/script>\n<!-- \/ Yoast SEO Premium plugin. -->","yoast_head_json":{"title":"HIGH-LEVEL-PROCESS optimale Gesch\u00e4ftsprozesse","description":"SPARE ZEIT & GELD durch OPTIMALE GESCH\u00c4FTSPROZESSE und Digitalisierung, Mit RPA; ProcessMindSet und DataGovernance Abl\u00e4ufe optimieren.","robots":{"index":"index","follow":"follow","max-snippet":"max-snippet:-1","max-image-preview":"max-image-preview:large","max-video-preview":"max-video-preview:-1"},"canonical":"https:\/\/high-level-process.de\/en\/","og_locale":"en_US","og_type":"article","og_title":"HIGH-LEVEL-PROCESS optimale Gesch\u00e4ftsprozesse","og_description":"SPARE ZEIT & GELD durch OPTIMALE GESCH\u00c4FTSPROZESSE und Digitalisierung, Mit RPA; ProcessMindSet und DataGovernance Abl\u00e4ufe optimieren.","og_url":"https:\/\/high-level-process.de\/en\/","og_site_name":"High-Level-Process","article_publisher":"https:\/\/www.facebook.com\/HighLevelProcess\/","article_modified_time":"2022-03-15T18:16:41+00:00","og_image":[{"url":"\/\/high-level-process.de\/wp-content\/uploads\/2020\/11\/HLP.png.png","type":"","width":"","height":""}],"twitter_card":"summary_large_image","twitter_title":"Hauptseite","twitter_misc":{"Est. reading time":"6 minutes"},"schema":{"@context":"https:\/\/schema.org","@graph":[{"@type":"WebPage","@id":"https:\/\/high-level-process.de\/","url":"https:\/\/high-level-process.de\/","name":"HIGH-LEVEL-PROCESS optimale Gesch\u00e4ftsprozesse","isPartOf":{"@id":"https:\/\/high-level-process.de\/#website"},"primaryImageOfPage":{"@id":"https:\/\/high-level-process.de\/#primaryimage"},"image":{"@id":"https:\/\/high-level-process.de\/#primaryimage"},"thumbnailUrl":"http:\/\/high-level-process.de\/wp-content\/uploads\/2021\/05\/data-img-smaller-1.png","datePublished":"2022-03-05T07:50:32+00:00","dateModified":"2022-03-15T18:16:41+00:00","description":"SPARE ZEIT & GELD durch OPTIMALE GESCH\u00c4FTSPROZESSE und Digitalisierung, Mit RPA; ProcessMindSet und DataGovernance Abl\u00e4ufe optimieren.","breadcrumb":{"@id":"https:\/\/high-level-process.de\/#breadcrumb"},"inLanguage":"en-US","potentialAction":[{"@type":"ReadAction","target":["https:\/\/high-level-process.de\/"]}]},{"@type":"ImageObject","inLanguage":"en-US","@id":"https:\/\/high-level-process.de\/#primaryimage","url":"http:\/\/high-level-process.de\/wp-content\/uploads\/2021\/05\/data-img-smaller-1.png","contentUrl":"http:\/\/high-level-process.de\/wp-content\/uploads\/2021\/05\/data-img-smaller-1.png"},{"@type":"BreadcrumbList","@id":"https:\/\/high-level-process.de\/#breadcrumb","itemListElement":[{"@type":"ListItem","position":1,"name":"Startseite","item":"https:\/\/high-level-process.de\/"},{"@type":"ListItem","position":2,"name":"Hauptseite"}]},{"@type":"WebSite","@id":"https:\/\/high-level-process.de\/#website","url":"https:\/\/high-level-process.de\/","name":"High-Level-Process","description":"Gesch\u00e4ftprozessoptimierung und Digitalisierung","publisher":{"@id":"https:\/\/high-level-process.de\/#organization"},"potentialAction":[{"@type":"SearchAction","target":{"@type":"EntryPoint","urlTemplate":"https:\/\/high-level-process.de\/?s={search_term_string}"},"query-input":{"@type":"PropertyValueSpecification","valueRequired":true,"valueName":"search_term_string"}}],"inLanguage":"en-US"},{"@type":"Organization","@id":"https:\/\/high-level-process.de\/#organization","name":"High-Level-Process","url":"https:\/\/high-level-process.de\/","logo":{"@type":"ImageObject","inLanguage":"en-US","@id":"https:\/\/high-level-process.de\/#\/schema\/logo\/image\/","url":"http:\/\/high-level-process.de\/wp-content\/uploads\/2020\/11\/HLP.png.png","contentUrl":"http:\/\/high-level-process.de\/wp-content\/uploads\/2020\/11\/HLP.png.png","width":3000,"height":3000,"caption":"High-Level-Process"},"image":{"@id":"https:\/\/high-level-process.de\/#\/schema\/logo\/image\/"},"sameAs":["https:\/\/www.facebook.com\/HighLevelProcess\/","http:\/\/www.linkedin.com\/in\/high-level-process"]}]}},"_links":{"self":[{"href":"https:\/\/high-level-process.de\/en\/wp-json\/wp\/v2\/pages\/106","targetHints":{"allow":["GET"]}}],"collection":[{"href":"https:\/\/high-level-process.de\/en\/wp-json\/wp\/v2\/pages"}],"about":[{"href":"https:\/\/high-level-process.de\/en\/wp-json\/wp\/v2\/types\/page"}],"author":[{"embeddable":true,"href":"https:\/\/high-level-process.de\/en\/wp-json\/wp\/v2\/users\/1"}],"replies":[{"embeddable":true,"href":"https:\/\/high-level-process.de\/en\/wp-json\/wp\/v2\/comments?post=106"}],"version-history":[{"count":82,"href":"https:\/\/high-level-process.de\/en\/wp-json\/wp\/v2\/pages\/106\/revisions"}],"predecessor-version":[{"id":305,"href":"https:\/\/high-level-process.de\/en\/wp-json\/wp\/v2\/pages\/106\/revisions\/305"}],"wp:attachment":[{"href":"https:\/\/high-level-process.de\/en\/wp-json\/wp\/v2\/media?parent=106"}],"curies":[{"name":"wp","href":"https:\/\/api.w.org\/{rel}","templated":true}]}}