{"id":199,"date":"2021-07-05T14:05:32","date_gmt":"2021-07-05T14:05:32","guid":{"rendered":"http:\/\/high-level-process.de\/?page_id=199"},"modified":"2026-04-01T13:10:21","modified_gmt":"2026-04-01T13:10:21","slug":"process-mining","status":"publish","type":"page","link":"http:\/\/high-level-process.de\/en\/process-mining\/","title":{"rendered":"Process-Mining"},"content":{"rendered":"<p><a href=\"#\" rel=\"\"><span><img decoding=\"async\" alt=\"\" data-id=\"12\" data-init-width=\"3000\" data-init-height=\"3000\" title=\"HLP.png\" src=\"\/\/high-level-process.de\/wp-content\/uploads\/2020\/11\/HLP.png.png\" data-width=\"190\" data-height=\"190\" style=\"\" loading=\"lazy\" width=\"190\" height=\"190\"><\/span><\/p>\n<p><\/a><\/p>\n<h4 style=\"\">THINK. PROCESS. DIGITAL<\/h4>\n<h1 style=\"\">SPARE ZEIT &amp; GELD durch <strong>PROCESS-MINING<\/strong><\/h1>\n<p style=\"\">verschwende keine Zeit nur Daten und Informationen auszuwerten.<\/p>\n<p style=\"\">\n<p style=\"\">Entdecke die Potentiale in deinen Gesch\u00e4ftsabl\u00e4ufen durch Process Mining. &nbsp;Informationen und Daten liegen in deiner Unternehmung vor &#8211; generiere Mehrwerte daraus auf dem Weg zum perfekten Gesch\u00e4ftsprozess<\/p>\n<p style=\"\">\n<p style=\"\">Deine Vorteile: <\/p>\n<p style=\"\"><strong>Ganzheitliche Prozesstransparenz in Echtzeit !<\/strong><\/p>\n<p style=\"\"><strong>Wettbewerbsvorteile aufzeigen&nbsp;<\/strong><\/p>\n<p style=\"\"><strong>Visualisierung von Annomalien und Verbesserungspotentialen<\/strong><strong>Integrierbar in bestehende Reportingl\u00f6sungen<\/strong><\/p>\n<p style=\"\"><strong><\/strong><strong><\/strong><\/p>\n<p><span><img decoding=\"async\" alt=\"\" data-id=\"230\" data-init-width=\"2418\" data-init-height=\"1876\" title=\"processmining\" src=\"\/\/high-level-process.de\/wp-content\/uploads\/2021\/07\/processmining-1.png\" data-width=\"739\" data-height=\"573\" style=\"\" loading=\"lazy\" width=\"739\" height=\"573\"><\/span><\/p>\n<h2 style=\"\">OUR SERVICES<\/h2>\n<p><strong>&#8222;Das wichtigste Wissen ist zu wissen, was wichtig ist.&#8220;&nbsp;<\/strong>*<a href=\"https:\/\/www.aphorismen.de\/autoren\/person\/7253\/Andreas+Tenzer\" title=\"Details zum Autor Andreas Tenzer anzeigen\" style=\"outline: currentcolor none medium;\">Andreas Tenzer<\/a>(*1954), deutscher Philosoph und P\u00e4dagoge<\/p>\n<\/p>\n<p>Ein Gesch\u00e4ftsprozess l\u00e4sst sich nur qualitativ bewerten und kontrollieren wenn es hierf\u00fcr KPI\u00b4s gibt. Aber das reine auswerten von Zahlen und Informationenist nur ein Indikator daf\u00fcr ob es was passt oder nicht. \u00dcber Process Mining schaffen wir die M\u00f6glichkeiten im Detail zu analyiseren, zu verstehen wo Misst\u00e4nde im Prozessablauf vorherrschen bzw. welche Potentialein der Optimierung und Verbesserung stecken. Die Integration in QLIK Sense oder Microsoft Power BIerm\u00f6glicht es auf bestehende Reportingl\u00f6sungen aufzusetzen<\/p>\n<p style=\"\">01<\/p>\n<p><span><img decoding=\"async\" alt=\"\" data-id=\"75227\" data-init-width=\"974\" data-init-height=\"968\" title=\"data-gradient-bg-flipped\" src=\"http:\/\/high-level-process.de\/wp-content\/uploads\/2021\/07\/data-gradient-bg-flipped-1.png\" data-width=\"718\" data-height=\"714\" style=\"\" loading=\"lazy\" width=\"718\" height=\"714\"><\/span><span><img decoding=\"async\" alt=\"Process Mining\" data-id=\"197\" data-init-width=\"2418\" data-init-height=\"1876\" title=\"processmining\" src=\"http:\/\/high-level-process.de\/wp-content\/uploads\/2021\/07\/processmining-1.png\" data-width=\"385\" data-height=\"299\" style=\"\" loading=\"lazy\" width=\"385\" height=\"299\"><\/span><\/p>\n<h3 style=\"text-align: center;\">Process Mining &#8211; das Potential in Ihren Kennzahlen&nbsp;<\/h3>\n<p style=\"text-align: center;\">Don't just evaluate your business figures!<\/p>\n<p style=\"text-align: center;\">\n<p style=\"text-align: center;\">Use the potential of your underlying data and information<\/p>\n<p style=\"text-align: center;\">to identify value-adding potentials,<\/p>\n<p style=\"text-align: center;\">um &#8222;Zeitfresser&#8220; in Abl\u00e4ufen zu entdecken und mit diesen Process Mining Erkenntnissen Ihre Abl\u00e4ufe optimaler zu gestalten<\/p>\n<p><a href=\"#\" rel=\"\"><\/a><span><img decoding=\"async\" alt=\"\" data-id=\"75227\" data-init-width=\"974\" data-init-height=\"968\" title=\"data-gradient-bg-flipped\" src=\"http:\/\/high-level-process.de\/wp-content\/uploads\/2021\/07\/data-gradient-bg-flipped-1.png\" data-width=\"609\" data-height=\"605\" style=\"\" loading=\"lazy\" width=\"609\" height=\"605\"><\/span><span><img decoding=\"async\" alt=\"\" data-id=\"75226\" data-init-width=\"974\" data-init-height=\"968\" title=\"data-gradient-bg\" src=\"http:\/\/high-level-process.de\/wp-content\/uploads\/2021\/07\/data-gradient-bg-1.png\" data-width=\"609\" data-height=\"605\" style=\"\" loading=\"lazy\" width=\"609\" height=\"605\"><\/span><\/p>\n<h2 style=\"text-align: center; padding: 0px !important; margin: 0px !important;\">PARTNER<\/h2>\n<p><a href=\"https:\/\/de.process.science\/\" target=\"_blank\" rel=\"\"><span><img decoding=\"async\" alt=\"\" data-id=\"311\" data-init-width=\"2560\" data-init-height=\"587\" title=\"Combination Mark Stacked Black White Background\" src=\"https:\/\/high-level-process.de\/wp-content\/uploads\/2026\/04\/Combination-Mark-Stacked-Black-White-Background-scaled.png\" data-width=\"372\" data-height=\"85\" style=\"\" loading=\"lazy\" width=\"372\" height=\"85\"><\/span><span><img decoding=\"async\" alt=\"\" data-id=\"12\" data-init-width=\"3000\" data-init-height=\"3000\" title=\"HLP.png\" src=\"\/\/high-level-process.de\/wp-content\/uploads\/2020\/11\/HLP.png.png\" data-width=\"139\" data-height=\"139\" style=\"\" loading=\"lazy\" width=\"139\" height=\"139\"><\/span><\/p>\n<p>think.process.digital<\/p>\n<p><\/a><\/p>\n<h2 style=\"text-align: left; padding: 0px !important; margin: 0px !important;\">PROCESS.SCIENCE<\/h2>\n<h4 style=\"color: rgb(255, 178, 41) !important; --tcb-applied-color:rgb(255, 178, 41)  !important;\">VISUALISIEREN.VERSTEHEN.OPTIMIEREN<\/h4>\n<p>Wir sind Partner von PROCESS.SCIENCE &nbsp;dem idealen Process Mining &nbsp;Tool f\u00fcr Qlik Sense und Microsoft Power BI. <strong>\u201eWir freuen uns darauf, gemeinsam mit High-Level-Process, Unternehmen dabei zu unterst\u00fctzen, ihr digitales Potenzial freizusetzen und ihnen zu erm\u00f6glichen, bestehende Prozessdaten zu visualisieren, um sie in Wettbewerbsvorteile zu verwandeln.\u201c <\/strong>Zitat Gordon Arnemann (Founder process.science)Nutzen Sie die M\u00f6glichkeiten einer Kostenlosen Demoversion&nbsp;und lassen Sie sich beeindrucken welches Potential&nbsp;in Ihrer Wertsch\u00f6pfungskette sich \u00fcber Process Mining sch\u00fcrfen l\u00e4sst.<span style=\"color: rgb(122, 122, 122);\">&nbsp;<\/span><\/p>\n<p style=\"text-align: left;\">\n<p style=\"text-align: left;\">\n<ul>\n<li style=\"\">                    <span style=\"\">HIGH-LEVEL-PROCESS<\/span><\/li>\n<li><span><\/span><\/li>\n<li><span>Alexander Siegl<\/span><\/li>\n<li><span>+49170 73 997 38<\/span><\/li>\n<li><span>alexander.siegl@high-level-process.de<\/span><\/li>\n<\/ul>\n<ul>\n<li style=\"\"><span style=\"\"><\/span><\/li>\n<\/ul>\n<ul>\n<li style=\"\"><span style=\"\">Partnerkontakt:<\/span><\/li>\n<li><span>process.science GmbH &amp; Co. KG<\/span><\/li>\n<li><span>Gordon Arnemann<\/span><\/li>\n<li><span> <a href=\"tel:+49(231)58692868\" style=\"outline: currentcolor none medium;\">+ 49 (231) 5869 2868<\/a><\/span><\/li>\n<li><span><span>g<a href=\"mailto:ga@process.science\" style=\"outline: currentcolor none medium;\">a@<\/a><a data-wg-splitted=\"\" href=\"mailto:ga@process.science\" style=\"outline: currentcolor none medium;\">process.science<\/a><\/span><\/span><\/li>\n<\/ul>\n<p style=\"\">02<\/p>\n<h4 style=\"\">THINK. PROCESS. DIGITAL<\/h4>\n<h2 style=\"padding: 0px !important; margin: 0px !important;\"><span style=\"text-transform: none;\">MAKE AN APPOINTMENT<\/span><\/h2>\n<p style=\"padding: 0px !important; margin: 0px !important;\">Nutze die M\u00f6glichkeit des kostenlosen Beratungsgespr\u00e4ch Wir melden uns dann schnellstm\u00f6glich bei dir<\/p>\n<p style=\"padding: 0px !important; margin: 0px !important;\">\n<p style=\"padding: 0px !important; margin: 0px !important;\">I look forward to your contact request<\/p>\n<p><span><img decoding=\"async\" alt=\"\" data-id=\"21\" data-init-width=\"241\" data-init-height=\"67\" title=\"alexander\" src=\"http:\/\/high-level-process.de\/wp-content\/uploads\/2021\/07\/alexander.png\" data-width=\"241\" data-height=\"67\" loading=\"lazy\" width=\"241\" height=\"67\"><\/span><\/p>\n<p><span><span><em><span>Alexander Siegl <span>(VWA Betriebswirt; Digital Process Manager)<\/span><\/span><\/em><\/span><\/span><\/p>\n<p style=\"padding: 0px !important; margin: 0px !important;\">05<\/p>\n<p><span><img decoding=\"async\" alt=\"Alexander Siegl\" data-id=\"22\" data-init-width=\"2333\" data-init-height=\"1765\" title=\"Alex-Siegl-Portrait-Kopie2_gespiegelt\" src=\"http:\/\/high-level-process.de\/wp-content\/uploads\/2021\/07\/Alex-Siegl-Portrait-Kopie2_gespiegelt.jpg\" data-width=\"472\" data-height=\"357\" style=\"\" loading=\"lazy\" width=\"472\" height=\"357\"><\/span><span><img decoding=\"async\" alt=\"High-Level-Process\" data-id=\"12\" data-init-width=\"3000\" data-init-height=\"3000\" title=\"HLP.png\" src=\"\/\/high-level-process.de\/wp-content\/uploads\/2020\/11\/HLP.png.png\" data-width=\"158\" data-height=\"158\" style=\"\" loading=\"lazy\" width=\"158\" height=\"158\"><\/span><\/p>\n<p>think.process.digital<\/p>\n<p><strong>HIGH-LEVEL-PROCESS<\/strong><\/p>\n<ul>\n<li style=\"\"><span style=\"\">+49 170 73 997 38<\/span><\/li>\n<\/ul>\n<ul>\n<li style=\"\"><span style=\"\">alexander.siegl@<\/span><\/li>\n<li><span>high-level-process.de<\/span><\/li>\n<\/ul>\n<p style=\"text-align: left;\"><a href=\"http:\/\/high-level-process.de\/en\/impressum\/\" style=\"outline: none;\" target=\"_blank\">Impressum <\/a><\/p>\n<p style=\"text-align: left;\"><a href=\"http:\/\/high-level-process.de\/en\/impressum\/\" style=\"outline: none;\" target=\"_blank\">Datenschutz<\/a><\/p>\n<p style=\"text-align: left;\"><a href=\"#\" style=\"outline: none;\" target=\"_blank\"><\/a><\/p>\n<p style=\"text-align: right;\">Copyright 2020 \u00a9 The Landing Factory<\/p>","protected":false},"excerpt":{"rendered":"<p>THINK.PROCESS.DIGITAL SPARE ZEIT &amp; GELD durch PROCESS-MINING verschwende keine Zeit nur Daten und Informationen auszuwerten. Entdecke die Potentiale in deinen Gesch\u00e4ftsabl\u00e4ufen durch Process Mining. &nbsp;Informationen und Daten liegen in deiner Unternehmung vor &#8211; generiere Mehrwerte daraus auf dem Weg zum perfekten Gesch\u00e4ftsprozess Deine Vorteile: Ganzheitliche Prozesstransparenz in Echtzeit ! Wettbewerbsvorteile aufzeigen&nbsp; Visualisierung von Annomalien und&hellip; <a class=\"more-link\" href=\"http:\/\/high-level-process.de\/en\/process-mining\/\">Continue reading <span class=\"screen-reader-text\">Process-Mining<\/span><\/a><\/p>","protected":false},"author":1,"featured_media":0,"parent":0,"menu_order":0,"comment_status":"closed","ping_status":"closed","template":"","meta":{"footnotes":""},"class_list":["post-199","page","type-page","status-publish","hentry","entry"],"yoast_head":"<!-- This site is optimized with the Yoast SEO Premium plugin v18.1 (Yoast SEO v24.9) - https:\/\/yoast.com\/wordpress\/plugins\/seo\/ -->\n<title>Process-Mining - High-Level-Process<\/title>\n<meta name=\"robots\" content=\"index, follow, max-snippet:-1, max-image-preview:large, max-video-preview:-1\" \/>\n<link rel=\"canonical\" href=\"https:\/\/high-level-process.de\/en\/process-mining\/\" \/>\n<meta property=\"og:locale\" content=\"en_US\" \/>\n<meta property=\"og:type\" content=\"article\" \/>\n<meta property=\"og:title\" content=\"Process-Mining\" \/>\n<meta property=\"og:description\" content=\"THINK.PROCESS.DIGITAL SPARE ZEIT &amp; GELD durch PROCESS-MINING verschwende keine Zeit nur Daten und Informationen auszuwerten. Entdecke die Potentiale in deinen Gesch\u00e4ftsabl\u00e4ufen durch Process Mining. &nbsp;Informationen und Daten liegen in deiner Unternehmung vor &#8211; generiere Mehrwerte daraus auf dem Weg zum perfekten Gesch\u00e4ftsprozess Deine Vorteile: Ganzheitliche Prozesstransparenz in Echtzeit ! Wettbewerbsvorteile aufzeigen&nbsp; Visualisierung von Annomalien und&hellip; Continue reading Process-Mining\" \/>\n<meta property=\"og:url\" content=\"https:\/\/high-level-process.de\/en\/process-mining\/\" \/>\n<meta property=\"og:site_name\" content=\"High-Level-Process\" \/>\n<meta property=\"article:publisher\" content=\"https:\/\/www.facebook.com\/HighLevelProcess\/\" \/>\n<meta property=\"article:modified_time\" content=\"2026-04-01T13:10:21+00:00\" \/>\n<meta property=\"og:image\" content=\"http:\/\/high-level-process.de\/wp-content\/uploads\/2021\/07\/data-gradient-bg-flipped-1.png\" \/>\n<meta name=\"twitter:card\" content=\"summary_large_image\" \/>\n<meta name=\"twitter:label1\" content=\"Est. reading time\" \/>\n\t<meta name=\"twitter:data1\" content=\"2 minutes\" \/>\n<script type=\"application\/ld+json\" class=\"yoast-schema-graph\">{\"@context\":\"https:\/\/schema.org\",\"@graph\":[{\"@type\":\"WebPage\",\"@id\":\"https:\/\/high-level-process.de\/process-mining\/\",\"url\":\"https:\/\/high-level-process.de\/process-mining\/\",\"name\":\"Process-Mining - High-Level-Process\",\"isPartOf\":{\"@id\":\"https:\/\/high-level-process.de\/#website\"},\"primaryImageOfPage\":{\"@id\":\"https:\/\/high-level-process.de\/process-mining\/#primaryimage\"},\"image\":{\"@id\":\"https:\/\/high-level-process.de\/process-mining\/#primaryimage\"},\"thumbnailUrl\":\"http:\/\/high-level-process.de\/wp-content\/uploads\/2021\/07\/data-gradient-bg-flipped-1.png\",\"datePublished\":\"2021-07-05T14:05:32+00:00\",\"dateModified\":\"2026-04-01T13:10:21+00:00\",\"breadcrumb\":{\"@id\":\"https:\/\/high-level-process.de\/process-mining\/#breadcrumb\"},\"inLanguage\":\"en-US\",\"potentialAction\":[{\"@type\":\"ReadAction\",\"target\":[\"https:\/\/high-level-process.de\/process-mining\/\"]}]},{\"@type\":\"ImageObject\",\"inLanguage\":\"en-US\",\"@id\":\"https:\/\/high-level-process.de\/process-mining\/#primaryimage\",\"url\":\"http:\/\/high-level-process.de\/wp-content\/uploads\/2021\/07\/data-gradient-bg-flipped-1.png\",\"contentUrl\":\"http:\/\/high-level-process.de\/wp-content\/uploads\/2021\/07\/data-gradient-bg-flipped-1.png\"},{\"@type\":\"BreadcrumbList\",\"@id\":\"https:\/\/high-level-process.de\/process-mining\/#breadcrumb\",\"itemListElement\":[{\"@type\":\"ListItem\",\"position\":1,\"name\":\"Startseite\",\"item\":\"https:\/\/high-level-process.de\/\"},{\"@type\":\"ListItem\",\"position\":2,\"name\":\"Process-Mining\"}]},{\"@type\":\"WebSite\",\"@id\":\"https:\/\/high-level-process.de\/#website\",\"url\":\"https:\/\/high-level-process.de\/\",\"name\":\"High-Level-Process\",\"description\":\"Gesch\u00e4ftprozessoptimierung und Digitalisierung\",\"publisher\":{\"@id\":\"https:\/\/high-level-process.de\/#organization\"},\"potentialAction\":[{\"@type\":\"SearchAction\",\"target\":{\"@type\":\"EntryPoint\",\"urlTemplate\":\"https:\/\/high-level-process.de\/?s={search_term_string}\"},\"query-input\":{\"@type\":\"PropertyValueSpecification\",\"valueRequired\":true,\"valueName\":\"search_term_string\"}}],\"inLanguage\":\"en-US\"},{\"@type\":\"Organization\",\"@id\":\"https:\/\/high-level-process.de\/#organization\",\"name\":\"High-Level-Process\",\"url\":\"https:\/\/high-level-process.de\/\",\"logo\":{\"@type\":\"ImageObject\",\"inLanguage\":\"en-US\",\"@id\":\"https:\/\/high-level-process.de\/#\/schema\/logo\/image\/\",\"url\":\"http:\/\/high-level-process.de\/wp-content\/uploads\/2020\/11\/HLP.png.png\",\"contentUrl\":\"http:\/\/high-level-process.de\/wp-content\/uploads\/2020\/11\/HLP.png.png\",\"width\":3000,\"height\":3000,\"caption\":\"High-Level-Process\"},\"image\":{\"@id\":\"https:\/\/high-level-process.de\/#\/schema\/logo\/image\/\"},\"sameAs\":[\"https:\/\/www.facebook.com\/HighLevelProcess\/\",\"http:\/\/www.linkedin.com\/in\/high-level-process\"]}]}<\/script>\n<!-- \/ Yoast SEO Premium plugin. -->","yoast_head_json":{"title":"Process-Mining - High-Level-Process","robots":{"index":"index","follow":"follow","max-snippet":"max-snippet:-1","max-image-preview":"max-image-preview:large","max-video-preview":"max-video-preview:-1"},"canonical":"https:\/\/high-level-process.de\/en\/process-mining\/","og_locale":"en_US","og_type":"article","og_title":"Process-Mining","og_description":"THINK.PROCESS.DIGITAL SPARE ZEIT &amp; GELD durch PROCESS-MINING verschwende keine Zeit nur Daten und Informationen auszuwerten. Entdecke die Potentiale in deinen Gesch\u00e4ftsabl\u00e4ufen durch Process Mining. &nbsp;Informationen und Daten liegen in deiner Unternehmung vor &#8211; generiere Mehrwerte daraus auf dem Weg zum perfekten Gesch\u00e4ftsprozess Deine Vorteile: Ganzheitliche Prozesstransparenz in Echtzeit ! Wettbewerbsvorteile aufzeigen&nbsp; Visualisierung von Annomalien und&hellip; Continue reading Process-Mining","og_url":"https:\/\/high-level-process.de\/en\/process-mining\/","og_site_name":"High-Level-Process","article_publisher":"https:\/\/www.facebook.com\/HighLevelProcess\/","article_modified_time":"2026-04-01T13:10:21+00:00","og_image":[{"url":"http:\/\/high-level-process.de\/wp-content\/uploads\/2021\/07\/data-gradient-bg-flipped-1.png","type":"","width":"","height":""}],"twitter_card":"summary_large_image","twitter_misc":{"Est. reading time":"2 minutes"},"schema":{"@context":"https:\/\/schema.org","@graph":[{"@type":"WebPage","@id":"https:\/\/high-level-process.de\/process-mining\/","url":"https:\/\/high-level-process.de\/process-mining\/","name":"Process-Mining - High-Level-Process","isPartOf":{"@id":"https:\/\/high-level-process.de\/#website"},"primaryImageOfPage":{"@id":"https:\/\/high-level-process.de\/process-mining\/#primaryimage"},"image":{"@id":"https:\/\/high-level-process.de\/process-mining\/#primaryimage"},"thumbnailUrl":"http:\/\/high-level-process.de\/wp-content\/uploads\/2021\/07\/data-gradient-bg-flipped-1.png","datePublished":"2021-07-05T14:05:32+00:00","dateModified":"2026-04-01T13:10:21+00:00","breadcrumb":{"@id":"https:\/\/high-level-process.de\/process-mining\/#breadcrumb"},"inLanguage":"en-US","potentialAction":[{"@type":"ReadAction","target":["https:\/\/high-level-process.de\/process-mining\/"]}]},{"@type":"ImageObject","inLanguage":"en-US","@id":"https:\/\/high-level-process.de\/process-mining\/#primaryimage","url":"http:\/\/high-level-process.de\/wp-content\/uploads\/2021\/07\/data-gradient-bg-flipped-1.png","contentUrl":"http:\/\/high-level-process.de\/wp-content\/uploads\/2021\/07\/data-gradient-bg-flipped-1.png"},{"@type":"BreadcrumbList","@id":"https:\/\/high-level-process.de\/process-mining\/#breadcrumb","itemListElement":[{"@type":"ListItem","position":1,"name":"Startseite","item":"https:\/\/high-level-process.de\/"},{"@type":"ListItem","position":2,"name":"Process-Mining"}]},{"@type":"WebSite","@id":"https:\/\/high-level-process.de\/#website","url":"https:\/\/high-level-process.de\/","name":"High-Level-Process","description":"Gesch\u00e4ftprozessoptimierung und Digitalisierung","publisher":{"@id":"https:\/\/high-level-process.de\/#organization"},"potentialAction":[{"@type":"SearchAction","target":{"@type":"EntryPoint","urlTemplate":"https:\/\/high-level-process.de\/?s={search_term_string}"},"query-input":{"@type":"PropertyValueSpecification","valueRequired":true,"valueName":"search_term_string"}}],"inLanguage":"en-US"},{"@type":"Organization","@id":"https:\/\/high-level-process.de\/#organization","name":"High-Level-Process","url":"https:\/\/high-level-process.de\/","logo":{"@type":"ImageObject","inLanguage":"en-US","@id":"https:\/\/high-level-process.de\/#\/schema\/logo\/image\/","url":"http:\/\/high-level-process.de\/wp-content\/uploads\/2020\/11\/HLP.png.png","contentUrl":"http:\/\/high-level-process.de\/wp-content\/uploads\/2020\/11\/HLP.png.png","width":3000,"height":3000,"caption":"High-Level-Process"},"image":{"@id":"https:\/\/high-level-process.de\/#\/schema\/logo\/image\/"},"sameAs":["https:\/\/www.facebook.com\/HighLevelProcess\/","http:\/\/www.linkedin.com\/in\/high-level-process"]}]}},"_links":{"self":[{"href":"http:\/\/high-level-process.de\/en\/wp-json\/wp\/v2\/pages\/199","targetHints":{"allow":["GET"]}}],"collection":[{"href":"http:\/\/high-level-process.de\/en\/wp-json\/wp\/v2\/pages"}],"about":[{"href":"http:\/\/high-level-process.de\/en\/wp-json\/wp\/v2\/types\/page"}],"author":[{"embeddable":true,"href":"http:\/\/high-level-process.de\/en\/wp-json\/wp\/v2\/users\/1"}],"replies":[{"embeddable":true,"href":"http:\/\/high-level-process.de\/en\/wp-json\/wp\/v2\/comments?post=199"}],"version-history":[{"count":17,"href":"http:\/\/high-level-process.de\/en\/wp-json\/wp\/v2\/pages\/199\/revisions"}],"predecessor-version":[{"id":312,"href":"http:\/\/high-level-process.de\/en\/wp-json\/wp\/v2\/pages\/199\/revisions\/312"}],"wp:attachment":[{"href":"http:\/\/high-level-process.de\/en\/wp-json\/wp\/v2\/media?parent=199"}],"curies":[{"name":"wp","href":"https:\/\/api.w.org\/{rel}","templated":true}]}}